{"id":416,"date":"2025-10-16T07:39:55","date_gmt":"2025-10-16T07:39:55","guid":{"rendered":"https:\/\/client9.worshipbd.com\/?page_id=416"},"modified":"2025-11-19T16:21:15","modified_gmt":"2025-11-19T15:21:15","slug":"home","status":"publish","type":"page","link":"https:\/\/www.nailbar.ch\/en\/","title":{"rendered":"Home"},"content":{"rendered":"<div data-elementor-type=\"wp-page\" data-elementor-id=\"416\" class=\"elementor elementor-416\" data-elementor-post-type=\"page\">\n\t\t\t\t<div class=\"elementor-element elementor-element-afa2aeb e-flex e-con-boxed e-con e-parent\" data-id=\"afa2aeb\" data-element_type=\"container\" data-settings=\"{&quot;background_background&quot;:&quot;classic&quot;}\">\n\t\t\t\t\t<div class=\"e-con-inner\">\n\t\t<div class=\"elementor-element elementor-element-e50c542 e-con-full e-flex e-con e-child\" data-id=\"e50c542\" data-element_type=\"container\">\n\t\t\t\t<div class=\"elementor-element elementor-element-87cb8dc elementor-widget elementor-widget-heading\" data-id=\"87cb8dc\" data-element_type=\"widget\" data-widget_type=\"heading.default\">\n\t\t\t\t\t<h1 class=\"elementor-heading-title elementor-size-default\">Nailbar<\/h1>\t\t\t\t<\/div>\n\t\t\t\t<div class=\"elementor-element elementor-element-badd5a2 elementor-widget__width-initial elementor-widget elementor-widget-text-editor\" data-id=\"badd5a2\" data-element_type=\"widget\" data-widget_type=\"text-editor.default\">\n\t\t\t\t\t\t\t\t\t<p>Von der Express Manicure bis zur Nagelverl\u00e4ngerung mit Gel. Frauen, M\u00e4nner sowie Kinder k\u00f6nnen sich an unserer trendigen Nailbar Be Pretty ihre H\u00e4nde und N\u00e4gel pflegen lassen.<\/p>\t\t\t\t\t\t\t\t<\/div>\n\t\t<div class=\"elementor-element elementor-element-78ad640 e-con-full e-flex e-con e-child\" data-id=\"78ad640\" data-element_type=\"container\">\n\t\t\t\t<div class=\"elementor-element elementor-element-b8012c7 elementor-widget elementor-widget-button\" data-id=\"b8012c7\" data-element_type=\"widget\" data-widget_type=\"button.default\">\n\t\t\t\t\t\t\t\t\t\t<a class=\"elementor-button elementor-button-link elementor-size-sm\" href=\"https:\/\/nailbar.hairlist.ch\/termin\">\n\t\t\t\t\t\t<span class=\"elementor-button-content-wrapper\">\n\t\t\t\t\t\t\t\t\t<span class=\"elementor-button-text\">Jetzt Termin buchen<\/span>\n\t\t\t\t\t<\/span>\n\t\t\t\t\t<\/a>\n\t\t\t\t\t\t\t\t<\/div>\n\t\t\t\t<div class=\"elementor-element elementor-element-3ff0320 elementor-widget elementor-widget-button\" data-id=\"3ff0320\" data-element_type=\"widget\" data-widget_type=\"button.default\">\n\t\t\t\t\t\t\t\t\t\t<a class=\"elementor-button elementor-button-link elementor-size-sm\" href=\"https:\/\/www.nailbar.ch\/en\/shop\/\">\n\t\t\t\t\t\t<span class=\"elementor-button-content-wrapper\">\n\t\t\t\t\t\t\t\t\t<span class=\"elementor-button-text\">Shop<\/span>\n\t\t\t\t\t<\/span>\n\t\t\t\t\t<\/a>\n\t\t\t\t\t\t\t\t<\/div>\n\t\t\t\t<\/div>\n\t\t\t\t<\/div>\n\t\t\t\t\t<\/div>\n\t\t\t\t<\/div>\n\t\t<div class=\"elementor-element elementor-element-7af23d4 e-flex e-con-boxed e-con e-parent\" data-id=\"7af23d4\" data-element_type=\"container\">\n\t\t\t\t\t<div class=\"e-con-inner\">\n\t\t<div class=\"elementor-element elementor-element-1fb273f e-con-full e-flex e-con e-child\" data-id=\"1fb273f\" data-element_type=\"container\">\n\t\t\t\t<div class=\"elementor-element elementor-element-755549d elementor-widget elementor-widget-heading\" data-id=\"755549d\" data-element_type=\"widget\" data-widget_type=\"heading.default\">\n\t\t\t\t\t<h2 class=\"elementor-heading-title elementor-size-default\">Hand- und Nagelpflege der besonderen Art<\/h2>\t\t\t\t<\/div>\n\t\t\t\t<div class=\"elementor-element elementor-element-a206ec0 elementor-widget elementor-widget-text-editor\" data-id=\"a206ec0\" data-element_type=\"widget\" data-widget_type=\"text-editor.default\">\n\t\t\t\t\t\t\t\t\t<p class=\"p1\">Von der Express Manicure bis zur Nagelverl\u00e4ngerung mit Gel. Frauen, M\u00e4nner sowie Kinder k\u00f6nnen sich an unserer trendigen Nailbar Be Pretty ihre H\u00e4nde und N\u00e4gel pflegen lassen. <br \/>Kommen Sie spontan und v\u00f6llig unkompliziert ohne Voranmeldung, bei uns vorbei! Sie finden uns im Emmen Center (EG). <br \/>Wir freuen uns auf Ihren Besuch. <br \/>PS: Sie sprechen kein Deutsch? \u2013 Kein Problem. Wir sprechen sechs Sprachen (DE, FR, IT, EN, ES) und beraten Sie gerne.<\/p>\t\t\t\t\t\t\t\t<\/div>\n\t\t\t\t<div class=\"elementor-element elementor-element-56111c2 elementor-widget elementor-widget-button\" data-id=\"56111c2\" data-element_type=\"widget\" data-widget_type=\"button.default\">\n\t\t\t\t\t\t\t\t\t\t<a class=\"elementor-button elementor-button-link elementor-size-sm\" href=\"https:\/\/www.nailbar.ch\/en\/uber-uns\/\">\n\t\t\t\t\t\t<span class=\"elementor-button-content-wrapper\">\n\t\t\t\t\t\t\t\t\t<span class=\"elementor-button-text\">\u00dcber uns<\/span>\n\t\t\t\t\t<\/span>\n\t\t\t\t\t<\/a>\n\t\t\t\t\t\t\t\t<\/div>\n\t\t\t\t<\/div>\n\t\t<div class=\"elementor-element elementor-element-2d54109 e-con-full e-flex e-con e-child\" data-id=\"2d54109\" data-element_type=\"container\">\n\t\t\t\t<div class=\"elementor-element elementor-element-a445304 elementor-widget elementor-widget-image\" data-id=\"a445304\" data-element_type=\"widget\" data-widget_type=\"image.default\">\n\t\t\t\t\t\t\t\t\t\t\t\t\t\t\t<img fetchpriority=\"high\" decoding=\"async\" width=\"2000\" height=\"1334\" src=\"https:\/\/www.nailbar.ch\/wp-content\/uploads\/2025\/11\/75A7000_web.jpg\" class=\"attachment-full size-full wp-image-898\" alt=\"\" srcset=\"https:\/\/www.nailbar.ch\/wp-content\/uploads\/2025\/11\/75A7000_web.jpg 2000w, https:\/\/www.nailbar.ch\/wp-content\/uploads\/2025\/11\/75A7000_web-300x200.jpg 300w, https:\/\/www.nailbar.ch\/wp-content\/uploads\/2025\/11\/75A7000_web-1024x683.jpg 1024w, https:\/\/www.nailbar.ch\/wp-content\/uploads\/2025\/11\/75A7000_web-768x512.jpg 768w, https:\/\/www.nailbar.ch\/wp-content\/uploads\/2025\/11\/75A7000_web-1536x1025.jpg 1536w, https:\/\/www.nailbar.ch\/wp-content\/uploads\/2025\/11\/75A7000_web-18x12.jpg 18w, https:\/\/www.nailbar.ch\/wp-content\/uploads\/2025\/11\/75A7000_web-1320x880.jpg 1320w, https:\/\/www.nailbar.ch\/wp-content\/uploads\/2025\/11\/75A7000_web-600x400.jpg 600w\" sizes=\"(max-width: 2000px) 100vw, 2000px\" \/>\t\t\t\t\t\t\t\t\t\t\t\t\t\t\t<\/div>\n\t\t\t\t<\/div>\n\t\t\t\t\t<\/div>\n\t\t\t\t<\/div>\n\t\t<div class=\"elementor-element elementor-element-5c5b74d e-con-full e-flex e-con e-parent\" data-id=\"5c5b74d\" data-element_type=\"container\">\n\t\t\t\t<div class=\"elementor-element elementor-element-5e6a6fb elementor-widget elementor-widget-image-carousel\" data-id=\"5e6a6fb\" data-element_type=\"widget\" data-settings=\"{&quot;slides_to_show&quot;:&quot;5&quot;,&quot;navigation&quot;:&quot;none&quot;,&quot;autoplay_speed&quot;:0,&quot;speed&quot;:8000,&quot;image_spacing_custom&quot;:{&quot;unit&quot;:&quot;px&quot;,&quot;size&quot;:15,&quot;sizes&quot;:[]},&quot;autoplay&quot;:&quot;yes&quot;,&quot;pause_on_hover&quot;:&quot;yes&quot;,&quot;pause_on_interaction&quot;:&quot;yes&quot;,&quot;infinite&quot;:&quot;yes&quot;,&quot;image_spacing_custom_tablet&quot;:{&quot;unit&quot;:&quot;px&quot;,&quot;size&quot;:&quot;&quot;,&quot;sizes&quot;:[]},&quot;image_spacing_custom_mobile&quot;:{&quot;unit&quot;:&quot;px&quot;,&quot;size&quot;:&quot;&quot;,&quot;sizes&quot;:[]}}\" data-widget_type=\"image-carousel.default\">\n\t\t\t\t\t\t\t<div class=\"elementor-image-carousel-wrapper swiper\" role=\"region\" aria-roledescription=\"carousel\" aria-label=\"Image Carousel\" dir=\"ltr\">\n\t\t\t<div class=\"elementor-image-carousel swiper-wrapper\" aria-live=\"off\">\n\t\t\t\t\t\t\t\t<div class=\"swiper-slide\" role=\"group\" aria-roledescription=\"slide\" aria-label=\"1 of 8\"><figure class=\"swiper-slide-inner\"><img decoding=\"async\" class=\"swiper-slide-image\" src=\"https:\/\/www.nailbar.ch\/wp-content\/uploads\/2025\/11\/75A7000_web-1.jpg\" alt=\"_75A7000_web\" \/><\/figure><\/div><div class=\"swiper-slide\" role=\"group\" aria-roledescription=\"slide\" aria-label=\"2 of 8\"><figure class=\"swiper-slide-inner\"><img decoding=\"async\" class=\"swiper-slide-image\" src=\"https:\/\/www.nailbar.ch\/wp-content\/uploads\/2025\/11\/75A6693_web.jpg\" alt=\"_75A6693_web\" \/><\/figure><\/div><div class=\"swiper-slide\" role=\"group\" aria-roledescription=\"slide\" aria-label=\"3 of 8\"><figure class=\"swiper-slide-inner\"><img decoding=\"async\" class=\"swiper-slide-image\" src=\"https:\/\/www.nailbar.ch\/wp-content\/uploads\/2025\/11\/75A6663_web.jpg\" alt=\"_75A6663_web\" \/><\/figure><\/div><div class=\"swiper-slide\" role=\"group\" aria-roledescription=\"slide\" aria-label=\"4 of 8\"><figure class=\"swiper-slide-inner\"><img decoding=\"async\" class=\"swiper-slide-image\" src=\"https:\/\/www.nailbar.ch\/wp-content\/uploads\/2025\/11\/75A6648_web.jpg\" alt=\"_75A6648_web\" \/><\/figure><\/div><div class=\"swiper-slide\" role=\"group\" aria-roledescription=\"slide\" aria-label=\"5 of 8\"><figure class=\"swiper-slide-inner\"><img decoding=\"async\" class=\"swiper-slide-image\" src=\"https:\/\/www.nailbar.ch\/wp-content\/uploads\/2025\/10\/GJ7P5864.jpg\" alt=\"GJ7P5864\" \/><\/figure><\/div><div class=\"swiper-slide\" role=\"group\" aria-roledescription=\"slide\" aria-label=\"6 of 8\"><figure class=\"swiper-slide-inner\"><img decoding=\"async\" class=\"swiper-slide-image\" src=\"https:\/\/www.nailbar.ch\/wp-content\/uploads\/2025\/10\/GJ7P5934.jpg\" alt=\"GJ7P5934\" \/><\/figure><\/div><div class=\"swiper-slide\" role=\"group\" aria-roledescription=\"slide\" aria-label=\"7 of 8\"><figure class=\"swiper-slide-inner\"><img decoding=\"async\" class=\"swiper-slide-image\" src=\"https:\/\/www.nailbar.ch\/wp-content\/uploads\/2025\/10\/GJ7P5756.jpg\" alt=\"GJ7P5756\" \/><\/figure><\/div><div class=\"swiper-slide\" role=\"group\" aria-roledescription=\"slide\" aria-label=\"8 of 8\"><figure class=\"swiper-slide-inner\"><img decoding=\"async\" class=\"swiper-slide-image\" src=\"https:\/\/www.nailbar.ch\/wp-content\/uploads\/2025\/10\/IMG-20161106-WA0002.jpg\" alt=\"IMG-20161106-WA0002\" \/><\/figure><\/div>\t\t\t<\/div>\n\t\t\t\t\t\t\t\n\t\t\t\t\t\t\t\t\t<\/div>\n\t\t\t\t\t\t<\/div>\n\t\t\t\t<\/div>\n\t\t\t\t<\/div>","protected":false},"excerpt":{"rendered":"<p>Nailbar Von der Express Manicure bis zur Nagelverl\u00e4ngerung mit Gel. Frauen, M\u00e4nner sowie Kinder k\u00f6nnen sich an unserer trendigen Nailbar Be Pretty ihre H\u00e4nde und N\u00e4gel pflegen lassen. Jetzt Termin buchen Shop Hand- und Nagelpflege der besonderen Art Von der Express Manicure bis zur Nagelverl\u00e4ngerung mit Gel. Frauen, M\u00e4nner sowie Kinder k\u00f6nnen sich an unserer [&hellip;]<\/p>","protected":false},"author":4,"featured_media":0,"parent":0,"menu_order":0,"comment_status":"closed","ping_status":"closed","template":"elementor_header_footer","meta":{"footnotes":""},"class_list":["post-416","page","type-page","status-publish","hentry"],"jetpack_sharing_enabled":true,"_links":{"self":[{"href":"https:\/\/www.nailbar.ch\/en\/wp-json\/wp\/v2\/pages\/416","targetHints":{"allow":["GET"]}}],"collection":[{"href":"https:\/\/www.nailbar.ch\/en\/wp-json\/wp\/v2\/pages"}],"about":[{"href":"https:\/\/www.nailbar.ch\/en\/wp-json\/wp\/v2\/types\/page"}],"author":[{"embeddable":true,"href":"https:\/\/www.nailbar.ch\/en\/wp-json\/wp\/v2\/users\/4"}],"replies":[{"embeddable":true,"href":"https:\/\/www.nailbar.ch\/en\/wp-json\/wp\/v2\/comments?post=416"}],"version-history":[{"count":76,"href":"https:\/\/www.nailbar.ch\/en\/wp-json\/wp\/v2\/pages\/416\/revisions"}],"predecessor-version":[{"id":906,"href":"https:\/\/www.nailbar.ch\/en\/wp-json\/wp\/v2\/pages\/416\/revisions\/906"}],"wp:attachment":[{"href":"https:\/\/www.nailbar.ch\/en\/wp-json\/wp\/v2\/media?parent=416"}],"curies":[{"name":"wp","href":"https:\/\/api.w.org\/{rel}","templated":true}]}}