{"id":14,"date":"2025-10-14T16:50:07","date_gmt":"2025-10-14T16:50:07","guid":{"rendered":"https:\/\/client9.worshipbd.com\/?page_id=14"},"modified":"2025-12-19T14:41:08","modified_gmt":"2025-12-19T13:41:08","slug":"uber-uns","status":"publish","type":"page","link":"https:\/\/www.nailbar.ch\/en\/uber-uns\/","title":{"rendered":"\u00dcber uns"},"content":{"rendered":"<div data-elementor-type=\"wp-page\" data-elementor-id=\"14\" class=\"elementor elementor-14\" data-elementor-post-type=\"page\">\n\t\t\t\t<div class=\"elementor-element elementor-element-f7647e5 e-flex e-con-boxed e-con e-parent\" data-id=\"f7647e5\" data-element_type=\"container\" data-settings=\"{&quot;background_background&quot;:&quot;classic&quot;}\">\n\t\t\t\t\t<div class=\"e-con-inner\">\n\t\t<div class=\"elementor-element elementor-element-0516145 e-con-full e-flex e-con e-child\" data-id=\"0516145\" data-element_type=\"container\">\n\t\t\t\t<\/div>\n\t\t\t\t\t<\/div>\n\t\t\t\t<\/div>\n\t\t<div class=\"elementor-element elementor-element-994b64f e-flex e-con-boxed e-con e-parent\" data-id=\"994b64f\" data-element_type=\"container\">\n\t\t\t\t\t<div class=\"e-con-inner\">\n\t\t<div class=\"elementor-element elementor-element-696b945 e-con-full e-grid e-con e-child\" data-id=\"696b945\" data-element_type=\"container\">\n\t\t<div class=\"elementor-element elementor-element-de83335 e-con-full e-flex e-con e-child\" data-id=\"de83335\" data-element_type=\"container\">\n\t\t\t\t<div class=\"elementor-element elementor-element-dbbd035 elementor-widget elementor-widget-image\" data-id=\"dbbd035\" data-element_type=\"widget\" data-widget_type=\"image.default\">\n\t\t\t\t\t\t\t\t\t\t\t\t\t\t\t<img fetchpriority=\"high\" decoding=\"async\" width=\"1920\" height=\"1280\" src=\"https:\/\/www.nailbar.ch\/wp-content\/uploads\/2025\/10\/IMGL0921_Jessica.jpg\" class=\"attachment-full size-full wp-image-132\" alt=\"\" srcset=\"https:\/\/www.nailbar.ch\/wp-content\/uploads\/2025\/10\/IMGL0921_Jessica.jpg 1920w, https:\/\/www.nailbar.ch\/wp-content\/uploads\/2025\/10\/IMGL0921_Jessica-300x200.jpg 300w, https:\/\/www.nailbar.ch\/wp-content\/uploads\/2025\/10\/IMGL0921_Jessica-1024x683.jpg 1024w, https:\/\/www.nailbar.ch\/wp-content\/uploads\/2025\/10\/IMGL0921_Jessica-768x512.jpg 768w, https:\/\/www.nailbar.ch\/wp-content\/uploads\/2025\/10\/IMGL0921_Jessica-1536x1024.jpg 1536w\" sizes=\"(max-width: 1920px) 100vw, 1920px\" \/>\t\t\t\t\t\t\t\t\t\t\t\t\t\t\t<\/div>\n\t\t\t\t<div class=\"elementor-element elementor-element-e0f34d8 elementor-widget elementor-widget-heading\" data-id=\"e0f34d8\" data-element_type=\"widget\" data-widget_type=\"heading.default\">\n\t\t\t\t\t<h4 class=\"elementor-heading-title elementor-size-default\">Jessica<\/h4>\t\t\t\t<\/div>\n\t\t\t\t<div class=\"elementor-element elementor-element-6e05299 elementor-widget elementor-widget-heading\" data-id=\"6e05299\" data-element_type=\"widget\" data-widget_type=\"heading.default\">\n\t\t\t\t\t<h5 class=\"elementor-heading-title elementor-size-default\">Gesch\u00e4ftsf\u00fchrerin<\/h5>\t\t\t\t<\/div>\n\t\t\t\t<div class=\"elementor-element elementor-element-a8a06ce elementor-widget elementor-widget-text-editor\" data-id=\"a8a06ce\" data-element_type=\"widget\" data-widget_type=\"text-editor.default\">\n\t\t\t\t\t\t\t\t\t<p>Naildesign ist in meinen Augen\u00a0eine individuelle\u00a0Kunst. Ein perfekt geformter\u00a0Nagel bildet die Leinwand einer gepflegten Hand, die Farbe entscheidet \u00fcber den Stil und der Mensch\u00a0ist\u00a0der Ort wo die Kunst lebt.<\/p>\t\t\t\t\t\t\t\t<\/div>\n\t\t\t\t<\/div>\n\t\t<div class=\"elementor-element elementor-element-484635d e-con-full e-flex e-con e-child\" data-id=\"484635d\" data-element_type=\"container\">\n\t\t\t\t<div class=\"elementor-element elementor-element-db3a6a6 elementor-widget elementor-widget-image\" data-id=\"db3a6a6\" data-element_type=\"widget\" data-widget_type=\"image.default\">\n\t\t\t\t\t\t\t\t\t\t\t\t\t\t\t<img decoding=\"async\" width=\"980\" height=\"653\" src=\"https:\/\/www.nailbar.ch\/wp-content\/uploads\/2025\/10\/IMGL0870_Catia-980x653-1.jpg\" class=\"attachment-full size-full wp-image-167\" alt=\"\" srcset=\"https:\/\/www.nailbar.ch\/wp-content\/uploads\/2025\/10\/IMGL0870_Catia-980x653-1.jpg 980w, https:\/\/www.nailbar.ch\/wp-content\/uploads\/2025\/10\/IMGL0870_Catia-980x653-1-300x200.jpg 300w, https:\/\/www.nailbar.ch\/wp-content\/uploads\/2025\/10\/IMGL0870_Catia-980x653-1-768x512.jpg 768w\" sizes=\"(max-width: 980px) 100vw, 980px\" \/>\t\t\t\t\t\t\t\t\t\t\t\t\t\t\t<\/div>\n\t\t\t\t<div class=\"elementor-element elementor-element-1e84e91 elementor-widget elementor-widget-heading\" data-id=\"1e84e91\" data-element_type=\"widget\" data-widget_type=\"heading.default\">\n\t\t\t\t\t<h4 class=\"elementor-heading-title elementor-size-default\">Catia<\/h4>\t\t\t\t<\/div>\n\t\t\t\t<div class=\"elementor-element elementor-element-6e9fd35 elementor-widget elementor-widget-heading\" data-id=\"6e9fd35\" data-element_type=\"widget\" data-widget_type=\"heading.default\">\n\t\t\t\t\t<h5 class=\"elementor-heading-title elementor-size-default\">Naildesignerin<\/h5>\t\t\t\t<\/div>\n\t\t\t\t<div class=\"elementor-element elementor-element-f18da30 elementor-widget elementor-widget-text-editor\" data-id=\"f18da30\" data-element_type=\"widget\" data-widget_type=\"text-editor.default\">\n\t\t\t\t\t\t\t\t\t<p>An meinem Beruf fasziniert mich besonders die Vielseitigkeit meiner Kunden und dass ich ihre W\u00fcnsche erfolgreich umsetzen kann. Zudem liebe ich es, den spannenden Effekt \u201evorher\/nachher\u201c zu sehen.<\/p>\t\t\t\t\t\t\t\t<\/div>\n\t\t\t\t<\/div>\n\t\t<div class=\"elementor-element elementor-element-8ee5b69 e-con-full e-flex e-con e-child\" data-id=\"8ee5b69\" data-element_type=\"container\">\n\t\t\t\t<div class=\"elementor-element elementor-element-4706da6 elementor-widget elementor-widget-image\" data-id=\"4706da6\" data-element_type=\"widget\" data-widget_type=\"image.default\">\n\t\t\t\t\t\t\t\t\t\t\t\t\t\t\t<img decoding=\"async\" width=\"980\" height=\"551\" src=\"https:\/\/www.nailbar.ch\/wp-content\/uploads\/2025\/10\/Diana-scaled-e1703153554218-980x551-1.jpg\" class=\"attachment-full size-full wp-image-174\" alt=\"\" srcset=\"https:\/\/www.nailbar.ch\/wp-content\/uploads\/2025\/10\/Diana-scaled-e1703153554218-980x551-1.jpg 980w, https:\/\/www.nailbar.ch\/wp-content\/uploads\/2025\/10\/Diana-scaled-e1703153554218-980x551-1-300x169.jpg 300w, https:\/\/www.nailbar.ch\/wp-content\/uploads\/2025\/10\/Diana-scaled-e1703153554218-980x551-1-768x432.jpg 768w\" sizes=\"(max-width: 980px) 100vw, 980px\" \/>\t\t\t\t\t\t\t\t\t\t\t\t\t\t\t<\/div>\n\t\t\t\t<div class=\"elementor-element elementor-element-2745bdd elementor-widget elementor-widget-heading\" data-id=\"2745bdd\" data-element_type=\"widget\" data-widget_type=\"heading.default\">\n\t\t\t\t\t<h4 class=\"elementor-heading-title elementor-size-default\">Diana<\/h4>\t\t\t\t<\/div>\n\t\t\t\t<div class=\"elementor-element elementor-element-04604ec elementor-widget elementor-widget-heading\" data-id=\"04604ec\" data-element_type=\"widget\" data-widget_type=\"heading.default\">\n\t\t\t\t\t<h5 class=\"elementor-heading-title elementor-size-default\">Naildesignerin<\/h5>\t\t\t\t<\/div>\n\t\t\t\t<div class=\"elementor-element elementor-element-1ea6e67 elementor-widget elementor-widget-text-editor\" data-id=\"1ea6e67\" data-element_type=\"widget\" data-widget_type=\"text-editor.default\">\n\t\t\t\t\t\t\t\t\t<p>\u00abH\u00e4nde sprechen B\u00e4nde\u00bb<br \/>Ihre H\u00e4nde arbeiten den ganzen Tag f\u00fcr Sie!<br \/>Sch\u00f6ne gepflegte H\u00e4nde &amp; N\u00e4gel wecken Aufmerksamkeit, wirken attraktiv und sympathisch. Be Pretty, ein himmlisches Wohlf\u00fchlprogramm f\u00fcr die Sch\u00f6nheit Ihrer H\u00e4nde.<\/p>\t\t\t\t\t\t\t\t<\/div>\n\t\t\t\t<\/div>\n\t\t<div class=\"elementor-element elementor-element-e60e145 e-con-full e-flex e-con e-child\" data-id=\"e60e145\" data-element_type=\"container\">\n\t\t\t\t<div class=\"elementor-element elementor-element-a74c788 elementor-widget elementor-widget-image\" data-id=\"a74c788\" data-element_type=\"widget\" data-widget_type=\"image.default\">\n\t\t\t\t\t\t\t\t\t\t\t\t\t\t\t<img loading=\"lazy\" decoding=\"async\" width=\"1500\" height=\"1036\" src=\"https:\/\/www.nailbar.ch\/wp-content\/uploads\/2025\/12\/Design-ohne-Titel-40-1.jpg\" class=\"attachment-full size-full wp-image-967\" alt=\"\" srcset=\"https:\/\/www.nailbar.ch\/wp-content\/uploads\/2025\/12\/Design-ohne-Titel-40-1.jpg 1500w, https:\/\/www.nailbar.ch\/wp-content\/uploads\/2025\/12\/Design-ohne-Titel-40-1-300x207.jpg 300w, https:\/\/www.nailbar.ch\/wp-content\/uploads\/2025\/12\/Design-ohne-Titel-40-1-1024x707.jpg 1024w, https:\/\/www.nailbar.ch\/wp-content\/uploads\/2025\/12\/Design-ohne-Titel-40-1-768x530.jpg 768w, https:\/\/www.nailbar.ch\/wp-content\/uploads\/2025\/12\/Design-ohne-Titel-40-1-18x12.jpg 18w, https:\/\/www.nailbar.ch\/wp-content\/uploads\/2025\/12\/Design-ohne-Titel-40-1-1320x912.jpg 1320w, https:\/\/www.nailbar.ch\/wp-content\/uploads\/2025\/12\/Design-ohne-Titel-40-1-600x414.jpg 600w\" sizes=\"(max-width: 1500px) 100vw, 1500px\" \/>\t\t\t\t\t\t\t\t\t\t\t\t\t\t\t<\/div>\n\t\t\t\t<div class=\"elementor-element elementor-element-f06ee56 elementor-widget elementor-widget-heading\" data-id=\"f06ee56\" data-element_type=\"widget\" data-widget_type=\"heading.default\">\n\t\t\t\t\t<h4 class=\"elementor-heading-title elementor-size-default\">Tasmalee<\/h4>\t\t\t\t<\/div>\n\t\t\t\t<div class=\"elementor-element elementor-element-be7d13d elementor-widget elementor-widget-heading\" data-id=\"be7d13d\" data-element_type=\"widget\" data-widget_type=\"heading.default\">\n\t\t\t\t\t<h5 class=\"elementor-heading-title elementor-size-default\">Naildesignerin<\/h5>\t\t\t\t<\/div>\n\t\t\t\t<div class=\"elementor-element elementor-element-3b3d1ae elementor-widget elementor-widget-text-editor\" data-id=\"3b3d1ae\" data-element_type=\"widget\" data-widget_type=\"text-editor.default\">\n\t\t\t\t\t\t\t\t\t<p>Ich liebe es, H\u00e4nde zu verw\u00f6hnen und mit viel Sorgfalt und Liebe zum Detail zu arbeiten.\u00a0 Sch\u00f6nheit, Pr\u00e4zision und kleine Wohlf\u00fchlmomente stehen f\u00fcr mich im Mittelpunkt.<\/p>\t\t\t\t\t\t\t\t<\/div>\n\t\t\t\t<\/div>\n\t\t\t\t<\/div>\n\t\t\t\t\t<\/div>\n\t\t\t\t<\/div>\n\t\t\t\t<\/div>","protected":false},"excerpt":{"rendered":"<p>Jessica Gesch\u00e4ftsf\u00fchrerin Naildesign ist in meinen Augen\u00a0eine individuelle\u00a0Kunst. Ein perfekt geformter\u00a0Nagel bildet die Leinwand einer gepflegten Hand, die Farbe entscheidet \u00fcber den Stil und der Mensch\u00a0ist\u00a0der Ort wo die Kunst lebt. Catia Naildesignerin An meinem Beruf fasziniert mich besonders die Vielseitigkeit meiner Kunden und dass ich ihre W\u00fcnsche erfolgreich umsetzen kann. Zudem liebe ich es, [&hellip;]<\/p>","protected":false},"author":4,"featured_media":0,"parent":0,"menu_order":0,"comment_status":"closed","ping_status":"closed","template":"elementor_header_footer","meta":{"footnotes":""},"class_list":["post-14","page","type-page","status-publish","hentry"],"jetpack_sharing_enabled":true,"_links":{"self":[{"href":"https:\/\/www.nailbar.ch\/en\/wp-json\/wp\/v2\/pages\/14","targetHints":{"allow":["GET"]}}],"collection":[{"href":"https:\/\/www.nailbar.ch\/en\/wp-json\/wp\/v2\/pages"}],"about":[{"href":"https:\/\/www.nailbar.ch\/en\/wp-json\/wp\/v2\/types\/page"}],"author":[{"embeddable":true,"href":"https:\/\/www.nailbar.ch\/en\/wp-json\/wp\/v2\/users\/4"}],"replies":[{"embeddable":true,"href":"https:\/\/www.nailbar.ch\/en\/wp-json\/wp\/v2\/comments?post=14"}],"version-history":[{"count":67,"href":"https:\/\/www.nailbar.ch\/en\/wp-json\/wp\/v2\/pages\/14\/revisions"}],"predecessor-version":[{"id":970,"href":"https:\/\/www.nailbar.ch\/en\/wp-json\/wp\/v2\/pages\/14\/revisions\/970"}],"wp:attachment":[{"href":"https:\/\/www.nailbar.ch\/en\/wp-json\/wp\/v2\/media?parent=14"}],"curies":[{"name":"wp","href":"https:\/\/api.w.org\/{rel}","templated":true}]}}